{"id":78,"date":"2026-02-19T12:46:52","date_gmt":"2026-02-19T11:46:52","guid":{"rendered":"https:\/\/gaemat.bplaced.net\/kroatien\/home\/"},"modified":"2026-02-19T12:55:49","modified_gmt":"2026-02-19T11:55:49","slug":"home","status":"publish","type":"page","link":"https:\/\/gaemat.bplaced.net\/kroatien\/home\/","title":{"rendered":"Home"},"content":{"rendered":"<div data-spectra-id=\"spectra-mfp56x20-fjclfi\"\tstyle=\"overflow: visible;\" class=\"spectra-is-root-container alignfull spectra-overlay-color spectra-overflow wp-block-spectra-container\" data-orientation=\"vertical\"\t>\n\t\n<div data-spectra-id=\"spectra-mfv11gli-guxi59\" style=\"overflow: visible\" class=\"spectra-overlay-color spectra-overflow wp-block-spectra-container\" data-orientation=\"vertical\">\n\t\n<div data-spectra-id=\"spectra-mfv161qy-mhndgd\" style=\"overflow: visible\" class=\"spectra-overlay-color spectra-overflow wp-block-spectra-container\" data-orientation=\"vertical\">\n\t\n\t<h1 data-spectra-id=\"spectra-mfp589bo-hfsr00\" style=\"--spectra-text-color: ast-global-color-1\" class=\"has-text-color has-link-color spectra-text-color wp-elements-e5c74c328a9c5463627bcedac6e4879f wp-block-spectra-content has-text-color has-ast-global-color-1-color\">\n\t\tEARTH\t<\/h1>\n\n\n\t<h2 data-spectra-id=\"spectra-mfp5aian-vm9hlc\" style=\"--spectra-text-color: ast-global-color-2\" class=\"has-text-color has-link-color spectra-text-color wp-elements-9272428bbeb98a2d34fc9c636bc7c1d3 wp-block-spectra-content has-text-color has-ast-global-color-2-color\">\n\t\tENDLESS POTENTIAL\t<\/h2>\n\n<\/div>\n\n\n<div data-spectra-id=\"spectra-mfp5bt8s-bvklwl\" class=\"wp-block-button spectra-buttons wp-block-spectra-buttons\">\n\t\n<a data-spectra-id=\"spectra-mfp5btbc-7iwj77\" href=\"#\" target=\"_self\" aria-label=\"EXPLORE\" style=\"--spectra-text-color: ast-global-color-5;--spectra-text-color-hover: var(--ast-global-color-5);--spectra-background-color: ast-global-color-0;--spectra-background-color-hover: var(--ast-global-color-1)\" class=\"wp-block-button__link wp-element-button spectra-text-color spectra-text-color-hover spectra-background-color spectra-background-color-hover wp-elements-7e1bd0eb8355575f4a523dfe14fe9024 wp-block-spectra-button has-text-color has-ast-global-color-5-color has-background has-ast-global-color-0-background-color\">\n<div class=\"spectra-button__link\">EXPLORE<\/div><\/a>\n\n<\/div>\n\n<\/div>\n\n<\/div>\n\n\n<div data-spectra-id=\"bd1da3b7\"\tstyle=\"overflow: visible; --spectra-background-color: #FFFFFF75; --spectra-overlay-opacity: 1;\" class=\"spectra-is-root-container alignfull spectra-overlay-color spectra-overflow spectra-background-color spectra-dim-ratio wp-block-spectra-container\" data-orientation=\"vertical\"\t>\n\t\n<div data-spectra-id=\"spectra-mfv2z9ix-sizhb5\" style=\"overflow: visible\" class=\"spectra-overlay-color spectra-overflow wp-block-spectra-container\" data-orientation=\"vertical\">\n\t\n<div data-spectra-id=\"spectra-bfde9e54-root\" style=\"overflow: visible\" class=\"spectra-overlay-color spectra-overflow wp-block-spectra-container\" data-orientation=\"vertical\">\n\t\n\n<figure data-spectra-id=\"spectra-mfyxzd4o-ws7zpj\" class=\"wp-block-image size-large\"><img loading=\"lazy\" decoding=\"async\" width=\"1024\" height=\"768\" src=\"https:\/\/gaemat.bplaced.net\/kroatien\/wp-content\/uploads\/2025\/11\/uvala-1024x768.jpg\" alt=\"Uvala 1024x768\" class=\"wp-image-22\" title=\"Service-1-min (1)\" srcset=\"https:\/\/gaemat.bplaced.net\/kroatien\/wp-content\/uploads\/2025\/11\/uvala-1024x768.jpg 1024w, https:\/\/gaemat.bplaced.net\/kroatien\/wp-content\/uploads\/2025\/11\/uvala-300x225.jpg 300w, https:\/\/gaemat.bplaced.net\/kroatien\/wp-content\/uploads\/2025\/11\/uvala-768x576.jpg 768w, https:\/\/gaemat.bplaced.net\/kroatien\/wp-content\/uploads\/2025\/11\/uvala-1536x1152.jpg 1536w, https:\/\/gaemat.bplaced.net\/kroatien\/wp-content\/uploads\/2025\/11\/uvala-2048x1536.jpg 2048w\" sizes=\"auto, (max-width: 1024px) 100vw, 1024px\" \/><\/figure>\n\n\n\t<h4 data-spectra-id=\"spectra-mfv31wfq-wo2ieh\" style=\"--spectra-text-color: ast-global-color-2\" class=\"has-text-color has-link-color spectra-text-color wp-elements-cde23cafc0ffd50657fda09d9f83f0c9 wp-block-spectra-content has-text-color has-ast-global-color-2-color\">\n\t\tJorja-Bucht auf Solta\t<\/h4>\n\n\n\t<p data-spectra-id=\"spectra-bfde9e54-desc\" style=\"--spectra-text-color: ast-global-color-3\" class=\"has-text-color spectra-text-color wp-block-spectra-content has-text-color has-ast-global-color-3-color\">\n\t\tLorem ipsum dolor sit amet, consetetur sadipscing elitr, sed diam\t<\/p>\n\n<\/div>\n\n\n<div data-spectra-id=\"spectra-34033c7d-root\" style=\"overflow: visible\" class=\"spectra-overlay-color spectra-overflow wp-block-spectra-container\" data-orientation=\"vertical\">\n\t\n\n<figure data-spectra-id=\"spectra-mfyxzd4q-ur3hz6\" class=\"wp-block-image size-large\"><img loading=\"lazy\" decoding=\"async\" width=\"1024\" height=\"768\" src=\"https:\/\/gaemat.bplaced.net\/kroatien\/wp-content\/uploads\/2025\/11\/strand-1024x768.jpg\" alt=\"Strand 1024x768\" class=\"wp-image-21\" title=\"Service-2-min\" srcset=\"https:\/\/gaemat.bplaced.net\/kroatien\/wp-content\/uploads\/2025\/11\/strand-1024x768.jpg 1024w, https:\/\/gaemat.bplaced.net\/kroatien\/wp-content\/uploads\/2025\/11\/strand-300x225.jpg 300w, https:\/\/gaemat.bplaced.net\/kroatien\/wp-content\/uploads\/2025\/11\/strand-768x576.jpg 768w, https:\/\/gaemat.bplaced.net\/kroatien\/wp-content\/uploads\/2025\/11\/strand-1536x1152.jpg 1536w, https:\/\/gaemat.bplaced.net\/kroatien\/wp-content\/uploads\/2025\/11\/strand-2048x1536.jpg 2048w\" sizes=\"auto, (max-width: 1024px) 100vw, 1024px\" \/><\/figure>\n\n\n\t<h4 data-spectra-id=\"spectra-7005383f-be18-4cc4-be13-8a185a202933\" style=\"--spectra-text-color: ast-global-color-2\" class=\"has-text-color has-link-color spectra-text-color wp-elements-ba1d4975add26487ba4aef452560da71 wp-block-spectra-content has-text-color has-ast-global-color-2-color\">\n\t\tKiesstrand in Kroatien\t<\/h4>\n\n\n\t<p data-spectra-id=\"spectra-34033c7d-desc\" style=\"--spectra-text-color: ast-global-color-3\" class=\"has-text-color spectra-text-color wp-block-spectra-content has-text-color has-ast-global-color-3-color\">\n\t\tLorem ipsum dolor sit amet, consetetur sadipscing elitr, sed diam nonumy eirmod tempor invidunt ut.\t<\/p>\n\n<\/div>\n\n\n<div data-spectra-id=\"spectra-b273f584-root\" style=\"overflow: visible\" class=\"spectra-overlay-color spectra-overflow wp-block-spectra-container\" data-orientation=\"vertical\">\n\t\n\n<figure data-spectra-id=\"spectra-mfyxzd4s-zc25k9\" class=\"wp-block-image size-large\"><img loading=\"lazy\" decoding=\"async\" width=\"1024\" height=\"682\" src=\"https:\/\/gaemat.bplaced.net\/kroatien\/wp-content\/uploads\/2025\/11\/ravnik-1024x682.jpg\" alt=\"Ravnik 1024x682\" class=\"wp-image-20\" title=\"Service-3-min\" srcset=\"https:\/\/gaemat.bplaced.net\/kroatien\/wp-content\/uploads\/2025\/11\/ravnik-1024x682.jpg 1024w, https:\/\/gaemat.bplaced.net\/kroatien\/wp-content\/uploads\/2025\/11\/ravnik-300x200.jpg 300w, https:\/\/gaemat.bplaced.net\/kroatien\/wp-content\/uploads\/2025\/11\/ravnik-768x512.jpg 768w, https:\/\/gaemat.bplaced.net\/kroatien\/wp-content\/uploads\/2025\/11\/ravnik-1536x1024.jpg 1536w, https:\/\/gaemat.bplaced.net\/kroatien\/wp-content\/uploads\/2025\/11\/ravnik-2048x1365.jpg 2048w\" sizes=\"auto, (max-width: 1024px) 100vw, 1024px\" \/><\/figure>\n\n\n\t<h4 data-spectra-id=\"spectra-f3f960e0-d6d2-47a1-9b9d-6204c1d45e6e\" style=\"--spectra-text-color: ast-global-color-2\" class=\"has-text-color has-link-color spectra-text-color wp-elements-a513bdabdaa7b9fcb9bce51de3e579ed wp-block-spectra-content has-text-color has-ast-global-color-2-color\">\n\t\tInsel Ravnik in Kroatien\t<\/h4>\n\n\n\t<p data-spectra-id=\"spectra-b273f584-desc\" style=\"--spectra-text-color: ast-global-color-3\" class=\"has-text-color spectra-text-color wp-block-spectra-content has-text-color has-ast-global-color-3-color\">\n\t\tLorem ipsum dolor sit amet, consetetur sadipscing elitr, sed diam nonumy eirmod tempor invidunt ut labore et dolore magna aliquyam\t<\/p>\n\n<\/div>\n\n<\/div>\n\n<\/div>\n\n\n<div data-spectra-id=\"336ba8fc\"\tstyle=\"overflow: visible; --spectra-background-color: #FFFFFF75; --spectra-overlay-opacity: 1;\" class=\"spectra-is-root-container alignfull spectra-overlay-color spectra-overflow spectra-background-color spectra-dim-ratio wp-block-spectra-container\" data-orientation=\"vertical\"\t>\n\t\n<div data-spectra-id=\"spectra-mfv38kjs-h6nye7\" style=\"overflow: visible\" class=\"spectra-overlay-color spectra-overflow wp-block-spectra-container\" data-orientation=\"vertical\">\n\t\n<div data-spectra-id=\"spectra-917ed965-root\" style=\"overflow: visible\" class=\"spectra-overlay-color spectra-overflow wp-block-spectra-container\" data-orientation=\"vertical\">\n\t\n\t<h2 data-spectra-id=\"spectra-mfw8duqf-gc6ybk\" style=\"--spectra-text-color: ast-global-color-2\" class=\"has-text-color has-link-color spectra-text-color wp-elements-1b62ddee1cbfda8526704f7149cc2665 wp-block-spectra-content has-text-color has-ast-global-color-2-color\">\n\t\tABOUT US\t<\/h2>\n\n\n\t<p data-spectra-id=\"spectra-917ed965-desc\" style=\"--spectra-text-color: ast-global-color-3\" class=\"has-text-color spectra-text-color wp-block-spectra-content has-text-color has-ast-global-color-3-color\">\n\t\tLeider k\u00f6nnen wir keine Haftung f\u00fcr die Korrektheit aller Inhalte auf dieser Webseite \u00fcbernehmen, speziell f\u00fcr jene, die seitens Dritter bereitgestellt wurden.<br>Sollten Ihnen problematische oder rechtswidrige Inhalte auffallen, bitten wir Sie, uns umgehend zu kontaktieren. Sie finden die Kontaktdaten im Impressum.<br>Haftung f\u00fcr Links auf dieser Webseite<br>Unsere Webseite enth\u00e4lt Links zu anderen Webseiten, f\u00fcr deren Inhalte wir nicht verantwortlich sind.\u00a0Wenn Ihnen rechtswidrige Links auf unserer Website auffallen, bitten wir Sie, uns ebenfalls zu kontaktieren.\u00a0Sie finden die Kontaktdaten im Impressum.<br>Urheberrechtshinweis und\u00a0Bildernachweis<br>Alle Inhalte dieser Webseite (Bilder, Fotos, Texte, Videos) unterliegen dem Urheberrecht.\u00a0\u00a0Die Urheberrechte liegen bei der Handelsakademie Spittal an der Drau.<br><em>Quelle:\u00a0Erstellt\u00a0mit dem\u00a0<\/em><a href=\"https:\/\/www.firmenwebseiten.at\/impressum-generator\/\" target=\"_blank\" rel=\"noreferrer noopener\"><em>Impressum Generator von firmenwebseiten.at<\/em><\/a>\t<\/p>\n\n<\/div>\n\n\n<div data-spectra-id=\"spectra-mfw1u1wb-lwsijj\" style=\"overflow: visible\" class=\"spectra-overlay-color spectra-overflow wp-block-spectra-container\" data-orientation=\"vertical\">\n\t\n\n<figure data-spectra-id=\"spectra-mfyxzd4u-ee66vr\" class=\"wp-block-image size-full\"><img loading=\"lazy\" decoding=\"async\" width=\"2560\" height=\"1707\" src=\"https:\/\/gaemat.bplaced.net\/kroatien\/wp-content\/uploads\/2025\/11\/meersonne.jpg\" alt=\"Meersonne\" class=\"wp-image-17\" title=\"Home\" srcset=\"https:\/\/gaemat.bplaced.net\/kroatien\/wp-content\/uploads\/2025\/11\/meersonne.jpg 2560w, https:\/\/gaemat.bplaced.net\/kroatien\/wp-content\/uploads\/2025\/11\/meersonne-300x200.jpg 300w, https:\/\/gaemat.bplaced.net\/kroatien\/wp-content\/uploads\/2025\/11\/meersonne-1024x683.jpg 1024w, https:\/\/gaemat.bplaced.net\/kroatien\/wp-content\/uploads\/2025\/11\/meersonne-768x512.jpg 768w, https:\/\/gaemat.bplaced.net\/kroatien\/wp-content\/uploads\/2025\/11\/meersonne-1536x1024.jpg 1536w, https:\/\/gaemat.bplaced.net\/kroatien\/wp-content\/uploads\/2025\/11\/meersonne-2048x1366.jpg 2048w\" sizes=\"auto, (max-width: 2560px) 100vw, 2560px\" \/><figcaption class=\"wp-element-caption\">Sonnenuntergang im Meer<\/figcaption><\/figure>\n\n<\/div>\n\n<\/div>\n\n<\/div>\n\n\n<div data-spectra-id=\"9f2de807\"\tstyle=\"overflow: visible; --spectra-overlay-opacity: 1;\" class=\"spectra-is-root-container alignfull spectra-overlay-color spectra-overflow spectra-dim-ratio wp-block-spectra-container\" data-orientation=\"vertical\"\t>\n\t\n<div data-spectra-id=\"spectra-cta-root-68c3871a\" style=\"overflow: visible\" class=\"spectra-overlay-color spectra-overflow wp-block-spectra-container\" data-orientation=\"vertical\">\n\t\n<div data-spectra-id=\"spectra-cta-content-68c3871a\" style=\"overflow: visible\" class=\"spectra-overlay-color spectra-overflow wp-block-spectra-container\" data-orientation=\"vertical\">\n\t\n\t<h2 data-spectra-id=\"spectra-mfw8g5oc-fhhog1\" style=\"--spectra-text-color: ast-global-color-1\" class=\"has-text-color has-link-color spectra-text-color wp-elements-3242915f8d305ba482b86a326407e830 wp-block-spectra-content has-text-color has-ast-global-color-1-color\">\n\t\tTALK TO US\t<\/h2>\n\n\n\t<p data-spectra-id=\"spectra-cta-desc-68c3871a\" style=\"--spectra-text-color: ast-global-color-3\" class=\"has-text-color spectra-text-color wp-block-spectra-content has-text-color has-ast-global-color-3-color\">\n\t\tIrgendwelche Fragen?<br>Mir Egal Googeln Sie!!!!!!!!!!!!\t<\/p>\n\n<\/div>\n\n\n<div data-spectra-id=\"spectra-cta-buttons-68c3871a\" class=\"wp-block-button spectra-buttons wp-block-spectra-buttons\">\n\t\n<a data-spectra-id=\"spectra-cta-btn-68c3871a\" href=\"#\" target=\"_self\" aria-label=\"GET IN TOUCH\" style=\"--spectra-text-color: ast-global-color-5;--spectra-text-color-hover: var(--ast-global-color-5);--spectra-background-color: ast-global-color-0;--spectra-background-color-hover: var(--ast-global-color-1)\" class=\"wp-block-button__link wp-element-button spectra-text-color spectra-text-color-hover spectra-background-color spectra-background-color-hover wp-elements-e84657fcf459973c4ae6fc67bdf667d8 wp-block-spectra-button has-text-color has-ast-global-color-5-color has-background has-ast-global-color-0-background-color\">\n<div class=\"spectra-button__link\">GET IN TOUCH<\/div><\/a>\n\n<\/div>\n\n<\/div>\n\n<\/div>\n\n\n\n<p><\/p>\n","protected":false},"excerpt":{"rendered":"","protected":false},"author":1,"featured_media":0,"parent":0,"menu_order":0,"comment_status":"closed","ping_status":"closed","template":"","meta":{"_uag_custom_page_level_css":"","footnotes":""},"class_list":["post-78","page","type-page","status-publish","hentry"],"uagb_featured_image_src":{"full":false,"thumbnail":false,"medium":false,"medium_large":false,"large":false,"1536x1536":false,"2048x2048":false},"uagb_author_info":{"display_name":"gaertner","author_link":"https:\/\/gaemat.bplaced.net\/kroatien\/author\/gaertner\/"},"uagb_comment_info":0,"uagb_excerpt":null,"_links":{"self":[{"href":"https:\/\/gaemat.bplaced.net\/kroatien\/wp-json\/wp\/v2\/pages\/78","targetHints":{"allow":["GET"]}}],"collection":[{"href":"https:\/\/gaemat.bplaced.net\/kroatien\/wp-json\/wp\/v2\/pages"}],"about":[{"href":"https:\/\/gaemat.bplaced.net\/kroatien\/wp-json\/wp\/v2\/types\/page"}],"author":[{"embeddable":true,"href":"https:\/\/gaemat.bplaced.net\/kroatien\/wp-json\/wp\/v2\/users\/1"}],"replies":[{"embeddable":true,"href":"https:\/\/gaemat.bplaced.net\/kroatien\/wp-json\/wp\/v2\/comments?post=78"}],"version-history":[{"count":4,"href":"https:\/\/gaemat.bplaced.net\/kroatien\/wp-json\/wp\/v2\/pages\/78\/revisions"}],"predecessor-version":[{"id":2154,"href":"https:\/\/gaemat.bplaced.net\/kroatien\/wp-json\/wp\/v2\/pages\/78\/revisions\/2154"}],"wp:attachment":[{"href":"https:\/\/gaemat.bplaced.net\/kroatien\/wp-json\/wp\/v2\/media?parent=78"}],"curies":[{"name":"wp","href":"https:\/\/api.w.org\/{rel}","templated":true}]}}